{"id":2669,"date":"2021-05-06T10:12:28","date_gmt":"2021-05-06T10:12:28","guid":{"rendered":"https:\/\/roggvet.de\/?page_id=2669"},"modified":"2024-11-10T17:42:37","modified_gmt":"2024-11-10T17:42:37","slug":"katalog","status":"publish","type":"page","link":"https:\/\/roggvet.de\/en\/katalog\/","title":{"rendered":"Catalogue"},"content":{"rendered":"<div data-elementor-type=\"wp-page\" data-elementor-id=\"2669\" class=\"elementor elementor-2669\">\n\t\t\t\t\t\t<div class=\"elementor-inner\">\n\t\t\t\t<div class=\"elementor-section-wrap\">\n\t\t\t\t\t\t\t\t\t<section class=\"elementor-section elementor-top-section elementor-element elementor-element-0fda63b elementor-section-boxed elementor-section-height-default elementor-section-height-default\" data-id=\"0fda63b\" data-element_type=\"section\">\n\t\t\t\t\t\t<div class=\"elementor-container elementor-column-gap-default\">\n\t\t\t\t\t\t\t<div class=\"elementor-row\">\n\t\t\t\t\t<div class=\"elementor-column elementor-col-100 elementor-top-column elementor-element elementor-element-b9bad06\" data-id=\"b9bad06\" data-element_type=\"column\">\n\t\t\t<div class=\"elementor-column-wrap elementor-element-populated\">\n\t\t\t\t\t\t\t<div class=\"elementor-widget-wrap\">\n\t\t\t\t\t\t<div class=\"elementor-element elementor-element-1a91bc1 elementor-widget elementor-widget-heading\" data-id=\"1a91bc1\" data-element_type=\"widget\" data-widget_type=\"heading.default\">\n\t\t\t\t<div class=\"elementor-widget-container\">\n\t\t\t<h2 class=\"elementor-heading-title elementor-size-default\">Veterinary products on a human medical level<\/h2>\t\t<\/div>\n\t\t\t\t<\/div>\n\t\t\t\t<div class=\"elementor-element elementor-element-d7578b1 elementor-widget elementor-widget-text-editor\" data-id=\"d7578b1\" data-element_type=\"widget\" data-widget_type=\"text-editor.default\">\n\t\t\t\t<div class=\"elementor-widget-container\">\n\t\t\t\t\t\t\t\t<div class=\"elementor-text-editor elementor-clearfix\">\n\t\t\t\t<p>In our catalog you will find a product range of strong brands at\u00a0<span style=\"color: var( --e-global-color-text );\">the human medical level, which combines economy and innovation.\u00a0<\/span><span style=\"color: var( --e-global-color-text );\">Our portfolio, which is largely tailored to large animals and cloven-hoofed animals, <\/span><span style=\"color: var( --e-global-color-text );\">covers not only the topics of wound treatment and fixation with bandages and\u00a0<\/span><span style=\"color: var( --e-global-color-text );\">bandages, but also the areas of hygiene and practice requirements. In the future,\u00a0<\/span><span style=\"color: var( --e-global-color-text );\">we will also look at small animal practices. We would particularly like to emphasize\u00a0<\/span><span style=\"color: var( --e-global-color-text );\">that our new catalog and the associated\u00a0<\/span><span style=\"color: var( --e-global-color-text );\">print products were produced sustainably; on 100 percent recovered paper, with\u00a0<\/span><span style=\"color: var( --e-global-color-text );\">vegan colors based on vegetable oil and electricity from renewable energies.<\/span><\/p><p>\u00a0<\/p><p>All CO2 emissions that arose in connection with these print productions\u00a0<span style=\"color: var( --e-global-color-text );\">were recorded and offset by the PROJECT TOGO climate protection project for natural forest reforestation.\u00a0<\/span><span style=\"color: var( --e-global-color-text );\">TOGO zur Naturwaldaufforstung ausgeglichen.<\/span><\/p>\t\t\t\t\t<\/div>\n\t\t\t\t\t\t<\/div>\n\t\t\t\t<\/div>\n\t\t\t\t\t\t<\/div>\n\t\t\t\t\t<\/div>\n\t\t<\/div>\n\t\t\t\t\t\t\t\t<\/div>\n\t\t\t\t\t<\/div>\n\t\t<\/section>\n\t\t\t\t<section class=\"elementor-section elementor-top-section elementor-element elementor-element-4d5f639 elementor-section-boxed elementor-section-height-default elementor-section-height-default\" data-id=\"4d5f639\" data-element_type=\"section\">\n\t\t\t\t\t\t<div class=\"elementor-container elementor-column-gap-default\">\n\t\t\t\t\t\t\t<div class=\"elementor-row\">\n\t\t\t\t\t<div class=\"elementor-column elementor-col-100 elementor-top-column elementor-element elementor-element-403140a\" data-id=\"403140a\" data-element_type=\"column\">\n\t\t\t<div class=\"elementor-column-wrap elementor-element-populated\">\n\t\t\t\t\t\t\t<div class=\"elementor-widget-wrap\">\n\t\t\t\t\t\t<div class=\"elementor-element elementor-element-8d03809 elementor-widget elementor-widget-spacer\" data-id=\"8d03809\" data-element_type=\"widget\" data-widget_type=\"spacer.default\">\n\t\t\t\t<div class=\"elementor-widget-container\">\n\t\t\t\t\t<div class=\"elementor-spacer\">\n\t\t\t<div class=\"elementor-spacer-inner\"><\/div>\n\t\t<\/div>\n\t\t\t\t<\/div>\n\t\t\t\t<\/div>\n\t\t\t\t<div class=\"elementor-element elementor-element-4103103 elementor-widget elementor-widget-text-editor\" data-id=\"4103103\" data-element_type=\"widget\" data-widget_type=\"text-editor.default\">\n\t\t\t\t<div class=\"elementor-widget-container\">\n\t\t\t\t\t\t\t\t<div class=\"elementor-text-editor elementor-clearfix\">\n\t\t\t\t<p style=\"font-stretch: normal; line-height: normal; font-family: Helvetica; color: #434343;\"><span style=\"caret-color: #50575e; color: #50575e; font-family: Consolas, Monaco, monospace; font-size: 13px; background-color: rgba(0, 0, 0, 0.07);\"><div class=\"_df_book df-lite\" id=\"df_4602\"  data-title=\"roggvet-katalog-2024-2025\" _slug=\"roggvet-katalog-2022\" wpoptions=\"true\" thumb=\"https:\/\/roggvet.de\/wp-content\/uploads\/roggvet-katalog-cover.jpeg\" thumbtype=\"bg\" ><p class=\"df-raw-loading\">Please wait while flipbook is loading. For more related info, FAQs and issues please refer to <a href=\"https:\/\/wordpress.org\/plugins\/3d-flipbook-dflip-lite\/#installation\">DearFlip WordPress Flipbook Plugin Help<\/a> documentation.<\/p><\/div><script class=\"df-shortcode-script\" type=\"application\/javascript\">window.option_df_4602 = {\"outline\":[],\"backgroundColor\":\"#fff\",\"forceFit\":\"true\",\"autoEnableOutline\":\"false\",\"autoEnableThumbnail\":\"false\",\"overwritePDFOutline\":\"false\",\"direction\":\"1\",\"pageSize\":\"0\",\"source\":\"https:\\\/\\\/roggvet.de\\\/wp-content\\\/uploads\\\/ROGGvet-Katalog-25-26-10-2024-Webversion.pdf\",\"wpOptions\":\"true\"}; if(window.DFLIP && window.DFLIP.parseBooks){window.DFLIP.parseBooks();}<\/script><\/span><span style=\"color: var( --e-global-color-text ); font-family: var( --e-global-typography-text-font-family ), Sans-serif; font-size: var( --e-global-typography-text-font-size );\">\u00a0<\/span><\/p>\t\t\t\t\t<\/div>\n\t\t\t\t\t\t<\/div>\n\t\t\t\t<\/div>\n\t\t\t\t\t\t<\/div>\n\t\t\t\t\t<\/div>\n\t\t<\/div>\n\t\t\t\t\t\t\t\t<\/div>\n\t\t\t\t\t<\/div>\n\t\t<\/section>\n\t\t\t\t<section class=\"elementor-section elementor-top-section elementor-element elementor-element-95235ff elementor-section-boxed elementor-section-height-default elementor-section-height-default\" data-id=\"95235ff\" data-element_type=\"section\">\n\t\t\t\t\t\t<div class=\"elementor-container elementor-column-gap-default\">\n\t\t\t\t\t\t\t<div class=\"elementor-row\">\n\t\t\t\t\t<div class=\"elementor-column elementor-col-100 elementor-top-column elementor-element elementor-element-711cbdf\" data-id=\"711cbdf\" data-element_type=\"column\">\n\t\t\t<div class=\"elementor-column-wrap elementor-element-populated\">\n\t\t\t\t\t\t\t<div class=\"elementor-widget-wrap\">\n\t\t\t\t\t\t<div class=\"elementor-element elementor-element-0c88f36 elementor-widget elementor-widget-heading\" data-id=\"0c88f36\" data-element_type=\"widget\" data-widget_type=\"heading.default\">\n\t\t\t\t<div class=\"elementor-widget-container\">\n\t\t\t<h2 class=\"elementor-heading-title elementor-size-default\">Katalog herunterladen<\/h2>\t\t<\/div>\n\t\t\t\t<\/div>\n\t\t\t\t<div class=\"elementor-element elementor-element-d77baee elementor-align-center icon-effect-yes elementor-widget elementor-widget-button\" data-id=\"d77baee\" data-element_type=\"widget\" data-widget_type=\"button.default\">\n\t\t\t\t<div class=\"elementor-widget-container\">\n\t\t\t\t\t<div class=\"elementor-button-wrapper\">\n\t\t\t<a href=\"https:\/\/roggvet.de\/wp-content\/uploads\/ROGGvet-Katalog-25-26-10-2024-Webversion.pdf\" class=\"elementor-button-link elementor-button elementor-size-lg\" role=\"button\">\n\t\t\t\t\t\t<span class=\"elementor-button-content-wrapper\">\n\t\t\t\t\t\t\t<span class=\"elementor-button-icon elementor-align-icon-left\">\n\t\t\t\t<i aria-hidden=\"true\" class=\"far fa-file-pdf\"><\/i>\t\t\t<\/span>\n\t\t\t\t\t\t<span class=\"elementor-button-text\">Herunterladen<\/span>\n\t\t<\/span>\n\t\t\t\t\t<\/a>\n\t\t<\/div>\n\t\t\t\t<\/div>\n\t\t\t\t<\/div>\n\t\t\t\t<div class=\"elementor-element elementor-element-9d1f61c elementor-widget elementor-widget-spacer\" data-id=\"9d1f61c\" data-element_type=\"widget\" data-widget_type=\"spacer.default\">\n\t\t\t\t<div class=\"elementor-widget-container\">\n\t\t\t\t\t<div class=\"elementor-spacer\">\n\t\t\t<div class=\"elementor-spacer-inner\"><\/div>\n\t\t<\/div>\n\t\t\t\t<\/div>\n\t\t\t\t<\/div>\n\t\t\t\t<div class=\"elementor-element elementor-element-d14a6ec elementor-widget elementor-widget-spacer\" data-id=\"d14a6ec\" data-element_type=\"widget\" data-widget_type=\"spacer.default\">\n\t\t\t\t<div class=\"elementor-widget-container\">\n\t\t\t\t\t<div class=\"elementor-spacer\">\n\t\t\t<div class=\"elementor-spacer-inner\"><\/div>\n\t\t<\/div>\n\t\t\t\t<\/div>\n\t\t\t\t<\/div>\n\t\t\t\t\t\t<\/div>\n\t\t\t\t\t<\/div>\n\t\t<\/div>\n\t\t\t\t\t\t\t\t<\/div>\n\t\t\t\t\t<\/div>\n\t\t<\/section>\n\t\t\t\t\t\t\t\t\t<\/div>\n\t\t\t<\/div>\n\t\t\t\t\t<\/div>","protected":false},"excerpt":{"rendered":"<p>Veterin\u00e4rmedizinische Produkte auf humanmedizinischem Niveau In unserem Katalog finden Sie ein Produktsortiment starker Marken auf\u00a0humanmedizinischem Niveau, welches Wirtschaftlichkeit und Innovation\u00a0vereint. Unser gr\u00f6\u00dftenteils auf Gro\u00df- &amp; Klauentiere abgestimmtes Portfolio deckt neben den Themen Wundbehandlung und Fixierung mit Binden und\u00a0Verb\u00e4nden auch die Bereiche Hygiene und Praxisbedarf ab. Zuk\u00fcnftig werden\u00a0wir auch Kleintierpraxen in den Blick zu nehmen. Besonders [&hellip;]<\/p>","protected":false},"author":1,"featured_media":0,"parent":0,"menu_order":0,"comment_status":"closed","ping_status":"closed","template":"","meta":{"inline_featured_image":false,"footnotes":""},"class_list":["post-2669","page","type-page","status-publish","hentry"],"_links":{"self":[{"href":"https:\/\/roggvet.de\/en\/wp-json\/wp\/v2\/pages\/2669","targetHints":{"allow":["GET"]}}],"collection":[{"href":"https:\/\/roggvet.de\/en\/wp-json\/wp\/v2\/pages"}],"about":[{"href":"https:\/\/roggvet.de\/en\/wp-json\/wp\/v2\/types\/page"}],"author":[{"embeddable":true,"href":"https:\/\/roggvet.de\/en\/wp-json\/wp\/v2\/users\/1"}],"replies":[{"embeddable":true,"href":"https:\/\/roggvet.de\/en\/wp-json\/wp\/v2\/comments?post=2669"}],"version-history":[{"count":46,"href":"https:\/\/roggvet.de\/en\/wp-json\/wp\/v2\/pages\/2669\/revisions"}],"predecessor-version":[{"id":4685,"href":"https:\/\/roggvet.de\/en\/wp-json\/wp\/v2\/pages\/2669\/revisions\/4685"}],"wp:attachment":[{"href":"https:\/\/roggvet.de\/en\/wp-json\/wp\/v2\/media?parent=2669"}],"curies":[{"name":"wp","href":"https:\/\/api.w.org\/{rel}","templated":true}]}}